{"id":2067,"date":"2024-02-08T08:39:16","date_gmt":"2024-02-08T08:39:16","guid":{"rendered":"https:\/\/vesh.violeta.com\/?post_type=product&#038;p=2067"},"modified":"2024-06-28T11:55:44","modified_gmt":"2024-06-28T11:55:44","slug":"vesh-white-power-v-prahu","status":"publish","type":"product","link":"https:\/\/vesh.violeta.com\/sl\/product\/vesh-white-power-v-prahu\/","title":{"rendered":"Vesh White Power v prahu"},"content":{"rendered":"","protected":false},"excerpt":{"rendered":"","protected":false},"featured_media":2041,"parent":0,"menu_order":12,"template":"","acf":[],"yoast_head":"<!-- This site is optimized with the Yoast SEO plugin v21.0 - https:\/\/yoast.com\/wordpress\/plugins\/seo\/ -->\n<title>Vesh White Power v prahu - Vesh Violeta<\/title>\n<meta name=\"description\" content=\"Odstrani tudi najbolj trdovratne made\u017ee v samo enem pranju, brez dodajanja agresivnih belil, ki lahko po\u0161kodujejo obla\u010dila.\" \/>\n<meta name=\"robots\" content=\"index, follow, max-snippet:-1, max-image-preview:large, max-video-preview:-1\" \/>\n<link rel=\"canonical\" href=\"https:\/\/vesh.violeta.com\/sl\/product\/vesh-white-power-v-prahu\/\" \/>\n<meta property=\"og:locale\" content=\"sl_SI\" \/>\n<meta property=\"og:type\" content=\"article\" \/>\n<meta property=\"og:title\" content=\"Vesh White Power v prahu - Vesh Violeta\" \/>\n<meta property=\"og:description\" content=\"Odstrani tudi najbolj trdovratne made\u017ee v samo enem pranju, brez dodajanja agresivnih belil, ki lahko po\u0161kodujejo obla\u010dila.\" \/>\n<meta property=\"og:url\" content=\"https:\/\/vesh.violeta.com\/sl\/product\/vesh-white-power-v-prahu\/\" \/>\n<meta property=\"og:site_name\" content=\"Vesh Violeta\" \/>\n<meta property=\"article:modified_time\" content=\"2024-06-28T11:55:44+00:00\" \/>\n<meta property=\"og:image\" content=\"https:\/\/vesh.violeta.com\/wp-content\/uploads\/2024\/02\/VESH_PRASAK_456X456PX_FINAL_SCREEN.jpg\" \/>\n\t<meta property=\"og:image:width\" content=\"456\" \/>\n\t<meta property=\"og:image:height\" content=\"456\" \/>\n\t<meta property=\"og:image:type\" content=\"image\/jpeg\" \/>\n<meta name=\"twitter:card\" content=\"summary_large_image\" \/>\n<script type=\"application\/ld+json\" class=\"yoast-schema-graph\">{\"@context\":\"https:\/\/schema.org\",\"@graph\":[{\"@type\":\"WebPage\",\"@id\":\"https:\/\/vesh.violeta.com\/sl\/product\/vesh-white-power-v-prahu\/\",\"url\":\"https:\/\/vesh.violeta.com\/sl\/product\/vesh-white-power-v-prahu\/\",\"name\":\"Vesh White Power v prahu - Vesh Violeta\",\"isPartOf\":{\"@id\":\"https:\/\/vesh.violeta.com\/#website\"},\"datePublished\":\"2024-02-08T08:39:16+00:00\",\"dateModified\":\"2024-06-28T11:55:44+00:00\",\"description\":\"Odstrani tudi najbolj trdovratne made\u017ee v samo enem pranju, brez dodajanja agresivnih belil, ki lahko po\u0161kodujejo obla\u010dila.\",\"breadcrumb\":{\"@id\":\"https:\/\/vesh.violeta.com\/sl\/product\/vesh-white-power-v-prahu\/#breadcrumb\"},\"inLanguage\":\"sl-SI\",\"potentialAction\":[{\"@type\":\"ReadAction\",\"target\":[\"https:\/\/vesh.violeta.com\/sl\/product\/vesh-white-power-v-prahu\/\"]}]},{\"@type\":\"BreadcrumbList\",\"@id\":\"https:\/\/vesh.violeta.com\/sl\/product\/vesh-white-power-v-prahu\/#breadcrumb\",\"itemListElement\":[{\"@type\":\"ListItem\",\"position\":1,\"name\":\"Po\u010detna stranica\",\"item\":\"https:\/\/vesh.violeta.com\/sl\/\"},{\"@type\":\"ListItem\",\"position\":2,\"name\":\"Vesh White Power v prahu\"}]},{\"@type\":\"WebSite\",\"@id\":\"https:\/\/vesh.violeta.com\/#website\",\"url\":\"https:\/\/vesh.violeta.com\/\",\"name\":\"Vesh Violeta\",\"description\":\"Just another WordPress site\",\"publisher\":{\"@id\":\"https:\/\/vesh.violeta.com\/#organization\"},\"potentialAction\":[{\"@type\":\"SearchAction\",\"target\":{\"@type\":\"EntryPoint\",\"urlTemplate\":\"https:\/\/vesh.violeta.com\/?s={search_term_string}\"},\"query-input\":\"required name=search_term_string\"}],\"inLanguage\":\"sl-SI\"},{\"@type\":\"Organization\",\"@id\":\"https:\/\/vesh.violeta.com\/#organization\",\"name\":\"Vesh Violeta\",\"url\":\"https:\/\/vesh.violeta.com\/\",\"logo\":{\"@type\":\"ImageObject\",\"inLanguage\":\"sl-SI\",\"@id\":\"https:\/\/vesh.violeta.com\/#\/schema\/logo\/image\/\",\"url\":\"https:\/\/vesh.violeta.com\/wp-content\/uploads\/2020\/12\/vesh-traka_purple-svg.png\",\"contentUrl\":\"https:\/\/vesh.violeta.com\/wp-content\/uploads\/2020\/12\/vesh-traka_purple-svg.png\",\"width\":100,\"height\":48,\"caption\":\"Vesh Violeta\"},\"image\":{\"@id\":\"https:\/\/vesh.violeta.com\/#\/schema\/logo\/image\/\"}}]}<\/script>\n<!-- \/ Yoast SEO plugin. -->","yoast_head_json":{"title":"Vesh White Power v prahu - Vesh Violeta","description":"Odstrani tudi najbolj trdovratne made\u017ee v samo enem pranju, brez dodajanja agresivnih belil, ki lahko po\u0161kodujejo obla\u010dila.","robots":{"index":"index","follow":"follow","max-snippet":"max-snippet:-1","max-image-preview":"max-image-preview:large","max-video-preview":"max-video-preview:-1"},"canonical":"https:\/\/vesh.violeta.com\/sl\/product\/vesh-white-power-v-prahu\/","og_locale":"sl_SI","og_type":"article","og_title":"Vesh White Power v prahu - Vesh Violeta","og_description":"Odstrani tudi najbolj trdovratne made\u017ee v samo enem pranju, brez dodajanja agresivnih belil, ki lahko po\u0161kodujejo obla\u010dila.","og_url":"https:\/\/vesh.violeta.com\/sl\/product\/vesh-white-power-v-prahu\/","og_site_name":"Vesh Violeta","article_modified_time":"2024-06-28T11:55:44+00:00","og_image":[{"width":456,"height":456,"url":"https:\/\/vesh.violeta.com\/wp-content\/uploads\/2024\/02\/VESH_PRASAK_456X456PX_FINAL_SCREEN.jpg","type":"image\/jpeg"}],"twitter_card":"summary_large_image","schema":{"@context":"https:\/\/schema.org","@graph":[{"@type":"WebPage","@id":"https:\/\/vesh.violeta.com\/sl\/product\/vesh-white-power-v-prahu\/","url":"https:\/\/vesh.violeta.com\/sl\/product\/vesh-white-power-v-prahu\/","name":"Vesh White Power v prahu - Vesh Violeta","isPartOf":{"@id":"https:\/\/vesh.violeta.com\/#website"},"datePublished":"2024-02-08T08:39:16+00:00","dateModified":"2024-06-28T11:55:44+00:00","description":"Odstrani tudi najbolj trdovratne made\u017ee v samo enem pranju, brez dodajanja agresivnih belil, ki lahko po\u0161kodujejo obla\u010dila.","breadcrumb":{"@id":"https:\/\/vesh.violeta.com\/sl\/product\/vesh-white-power-v-prahu\/#breadcrumb"},"inLanguage":"sl-SI","potentialAction":[{"@type":"ReadAction","target":["https:\/\/vesh.violeta.com\/sl\/product\/vesh-white-power-v-prahu\/"]}]},{"@type":"BreadcrumbList","@id":"https:\/\/vesh.violeta.com\/sl\/product\/vesh-white-power-v-prahu\/#breadcrumb","itemListElement":[{"@type":"ListItem","position":1,"name":"Po\u010detna stranica","item":"https:\/\/vesh.violeta.com\/sl\/"},{"@type":"ListItem","position":2,"name":"Vesh White Power v prahu"}]},{"@type":"WebSite","@id":"https:\/\/vesh.violeta.com\/#website","url":"https:\/\/vesh.violeta.com\/","name":"Vesh Violeta","description":"Just another WordPress site","publisher":{"@id":"https:\/\/vesh.violeta.com\/#organization"},"potentialAction":[{"@type":"SearchAction","target":{"@type":"EntryPoint","urlTemplate":"https:\/\/vesh.violeta.com\/?s={search_term_string}"},"query-input":"required name=search_term_string"}],"inLanguage":"sl-SI"},{"@type":"Organization","@id":"https:\/\/vesh.violeta.com\/#organization","name":"Vesh Violeta","url":"https:\/\/vesh.violeta.com\/","logo":{"@type":"ImageObject","inLanguage":"sl-SI","@id":"https:\/\/vesh.violeta.com\/#\/schema\/logo\/image\/","url":"https:\/\/vesh.violeta.com\/wp-content\/uploads\/2020\/12\/vesh-traka_purple-svg.png","contentUrl":"https:\/\/vesh.violeta.com\/wp-content\/uploads\/2020\/12\/vesh-traka_purple-svg.png","width":100,"height":48,"caption":"Vesh Violeta"},"image":{"@id":"https:\/\/vesh.violeta.com\/#\/schema\/logo\/image\/"}}]}},"_links":{"self":[{"href":"https:\/\/vesh.violeta.com\/sl\/wp-json\/wp\/v2\/product\/2067"}],"collection":[{"href":"https:\/\/vesh.violeta.com\/sl\/wp-json\/wp\/v2\/product"}],"about":[{"href":"https:\/\/vesh.violeta.com\/sl\/wp-json\/wp\/v2\/types\/product"}],"wp:featuredmedia":[{"embeddable":true,"href":"https:\/\/vesh.violeta.com\/sl\/wp-json\/wp\/v2\/media\/2041"}],"wp:attachment":[{"href":"https:\/\/vesh.violeta.com\/sl\/wp-json\/wp\/v2\/media?parent=2067"}],"curies":[{"name":"wp","href":"https:\/\/api.w.org\/{rel}","templated":true}]}}